{"id":569,"date":"2024-10-07T10:11:14","date_gmt":"2024-10-07T08:11:14","guid":{"rendered":"https:\/\/www.chemnitzkomplex.de\/?page_id=569"},"modified":"2026-02-19T12:29:17","modified_gmt":"2026-02-19T11:29:17","slug":"aktuelles","status":"publish","type":"page","link":"https:\/\/www.chemnitzkomplex.de\/en\/aktuelles","title":{"rendered":"News"},"content":{"rendered":"","protected":false},"excerpt":{"rendered":"","protected":false},"author":1,"featured_media":0,"parent":0,"menu_order":0,"comment_status":"closed","ping_status":"closed","template":"","meta":{"footnotes":""},"class_list":["post-569","page","type-page","status-publish","hentry"],"yoast_head":"<!-- This site is optimized with the Yoast SEO plugin v27.3 - https:\/\/yoast.com\/product\/yoast-seo-wordpress\/ -->\n<title>News - KOMPLEX OFF-B\u00dcHNE F\u00dcR DARSTELLENDE K\u00dcNSTE<\/title>\n<meta name=\"robots\" content=\"index, follow, max-snippet:-1, max-image-preview:large, max-video-preview:-1\" \/>\n<link rel=\"canonical\" href=\"https:\/\/www.chemnitzkomplex.de\/aktuelles\" \/>\n<meta property=\"og:locale\" content=\"en_US\" \/>\n<meta property=\"og:type\" content=\"article\" \/>\n<meta property=\"og:title\" content=\"[:en]News[:de]Aktuelles[:] - KOMPLEX OFF-B\u00dcHNE F\u00dcR DARSTELLENDE K\u00dcNSTE\" \/>\n<meta property=\"og:url\" content=\"https:\/\/www.chemnitzkomplex.de\/aktuelles\" \/>\n<meta property=\"og:site_name\" content=\"KOMPLEX OFF-B\u00dcHNE F\u00dcR DARSTELLENDE K\u00dcNSTE\" \/>\n<meta property=\"article:modified_time\" content=\"2026-02-19T11:29:17+00:00\" \/>\n<meta name=\"twitter:card\" content=\"summary_large_image\" \/>\n<script type=\"application\/ld+json\" class=\"yoast-schema-graph\">{\"@context\":\"https:\\\/\\\/schema.org\",\"@graph\":[{\"@type\":\"WebPage\",\"@id\":\"https:\\\/\\\/www.chemnitzkomplex.de\\\/aktuelles\",\"url\":\"https:\\\/\\\/www.chemnitzkomplex.de\\\/aktuelles\",\"name\":\"[:en]News[:de]Aktuelles[:] - KOMPLEX OFF-B\u00dcHNE F\u00dcR DARSTELLENDE K\u00dcNSTE\",\"isPartOf\":{\"@id\":\"https:\\\/\\\/www.chemnitzkomplex.de\\\/#website\"},\"datePublished\":\"2024-10-07T08:11:14+00:00\",\"dateModified\":\"2026-02-19T11:29:17+00:00\",\"breadcrumb\":{\"@id\":\"https:\\\/\\\/www.chemnitzkomplex.de\\\/aktuelles#breadcrumb\"},\"inLanguage\":\"en-US\",\"potentialAction\":[{\"@type\":\"ReadAction\",\"target\":[\"https:\\\/\\\/www.chemnitzkomplex.de\\\/aktuelles\"]}]},{\"@type\":\"BreadcrumbList\",\"@id\":\"https:\\\/\\\/www.chemnitzkomplex.de\\\/aktuelles#breadcrumb\",\"itemListElement\":[{\"@type\":\"ListItem\",\"position\":1,\"name\":\"Startseite\",\"item\":\"https:\\\/\\\/www.chemnitzkomplex.de\\\/\"},{\"@type\":\"ListItem\",\"position\":2,\"name\":\"Aktuelles\"}]},{\"@type\":\"WebSite\",\"@id\":\"https:\\\/\\\/www.chemnitzkomplex.de\\\/#website\",\"url\":\"https:\\\/\\\/www.chemnitzkomplex.de\\\/\",\"name\":\"KOMPLEX OFF-B\u00dcHNE F\u00dcR DARSTELLENDE K\u00dcNSTE\",\"description\":\"\",\"potentialAction\":[{\"@type\":\"SearchAction\",\"target\":{\"@type\":\"EntryPoint\",\"urlTemplate\":\"https:\\\/\\\/www.chemnitzkomplex.de\\\/?s={search_term_string}\"},\"query-input\":{\"@type\":\"PropertyValueSpecification\",\"valueRequired\":true,\"valueName\":\"search_term_string\"}}],\"inLanguage\":\"en-US\"}]}<\/script>\n<!-- \/ Yoast SEO plugin. -->","yoast_head_json":{"title":"[:en]News[:de]Aktuelles[:] - KOMPLEX OFF-B\u00dcHNE F\u00dcR DARSTELLENDE K\u00dcNSTE","robots":{"index":"index","follow":"follow","max-snippet":"max-snippet:-1","max-image-preview":"max-image-preview:large","max-video-preview":"max-video-preview:-1"},"canonical":"https:\/\/www.chemnitzkomplex.de\/aktuelles","og_locale":"en_US","og_type":"article","og_title":"[:en]News[:de]Aktuelles[:] - KOMPLEX OFF-B\u00dcHNE F\u00dcR DARSTELLENDE K\u00dcNSTE","og_url":"https:\/\/www.chemnitzkomplex.de\/aktuelles","og_site_name":"KOMPLEX OFF-B\u00dcHNE F\u00dcR DARSTELLENDE K\u00dcNSTE","article_modified_time":"2026-02-19T11:29:17+00:00","twitter_card":"summary_large_image","schema":{"@context":"https:\/\/schema.org","@graph":[{"@type":"WebPage","@id":"https:\/\/www.chemnitzkomplex.de\/aktuelles","url":"https:\/\/www.chemnitzkomplex.de\/aktuelles","name":"[:en]News[:de]Aktuelles[:] - KOMPLEX OFF-B\u00dcHNE F\u00dcR DARSTELLENDE K\u00dcNSTE","isPartOf":{"@id":"https:\/\/www.chemnitzkomplex.de\/#website"},"datePublished":"2024-10-07T08:11:14+00:00","dateModified":"2026-02-19T11:29:17+00:00","breadcrumb":{"@id":"https:\/\/www.chemnitzkomplex.de\/aktuelles#breadcrumb"},"inLanguage":"en-US","potentialAction":[{"@type":"ReadAction","target":["https:\/\/www.chemnitzkomplex.de\/aktuelles"]}]},{"@type":"BreadcrumbList","@id":"https:\/\/www.chemnitzkomplex.de\/aktuelles#breadcrumb","itemListElement":[{"@type":"ListItem","position":1,"name":"Startseite","item":"https:\/\/www.chemnitzkomplex.de\/"},{"@type":"ListItem","position":2,"name":"Aktuelles"}]},{"@type":"WebSite","@id":"https:\/\/www.chemnitzkomplex.de\/#website","url":"https:\/\/www.chemnitzkomplex.de\/","name":"KOMPLEX OFF-B\u00dcHNE F\u00dcR DARSTELLENDE K\u00dcNSTE","description":"","potentialAction":[{"@type":"SearchAction","target":{"@type":"EntryPoint","urlTemplate":"https:\/\/www.chemnitzkomplex.de\/?s={search_term_string}"},"query-input":{"@type":"PropertyValueSpecification","valueRequired":true,"valueName":"search_term_string"}}],"inLanguage":"en-US"}]}},"_links":{"self":[{"href":"https:\/\/www.chemnitzkomplex.de\/en\/wp-json\/wp\/v2\/pages\/569","targetHints":{"allow":["GET"]}}],"collection":[{"href":"https:\/\/www.chemnitzkomplex.de\/en\/wp-json\/wp\/v2\/pages"}],"about":[{"href":"https:\/\/www.chemnitzkomplex.de\/en\/wp-json\/wp\/v2\/types\/page"}],"author":[{"embeddable":true,"href":"https:\/\/www.chemnitzkomplex.de\/en\/wp-json\/wp\/v2\/users\/1"}],"replies":[{"embeddable":true,"href":"https:\/\/www.chemnitzkomplex.de\/en\/wp-json\/wp\/v2\/comments?post=569"}],"version-history":[{"count":20,"href":"https:\/\/www.chemnitzkomplex.de\/en\/wp-json\/wp\/v2\/pages\/569\/revisions"}],"predecessor-version":[{"id":1028,"href":"https:\/\/www.chemnitzkomplex.de\/en\/wp-json\/wp\/v2\/pages\/569\/revisions\/1028"}],"wp:attachment":[{"href":"https:\/\/www.chemnitzkomplex.de\/en\/wp-json\/wp\/v2\/media?parent=569"}],"curies":[{"name":"wp","href":"https:\/\/api.w.org\/{rel}","templated":true}]}}