{"id":43,"date":"2023-05-16T15:40:03","date_gmt":"2023-05-16T13:40:03","guid":{"rendered":"https:\/\/karl-marx-city.de\/komplex\/?page_id=43"},"modified":"2024-12-02T17:29:20","modified_gmt":"2024-12-02T16:29:20","slug":"ueber-uns","status":"publish","type":"page","link":"https:\/\/www.chemnitzkomplex.de\/en\/ueber-uns","title":{"rendered":"About us"},"content":{"rendered":"","protected":false},"excerpt":{"rendered":"","protected":false},"author":1,"featured_media":0,"parent":0,"menu_order":0,"comment_status":"closed","ping_status":"closed","template":"","meta":{"footnotes":""},"class_list":["post-43","page","type-page","status-publish","hentry"],"yoast_head":"<!-- This site is optimized with the Yoast SEO plugin v27.4 - https:\/\/yoast.com\/product\/yoast-seo-wordpress\/ -->\n<title>About us - KOMPLEX OFF-B\u00dcHNE F\u00dcR DARSTELLENDE K\u00dcNSTE<\/title>\n<meta name=\"robots\" content=\"index, follow, max-snippet:-1, max-image-preview:large, max-video-preview:-1\" \/>\n<link rel=\"canonical\" href=\"https:\/\/www.chemnitzkomplex.de\/ueber-uns\" \/>\n<meta property=\"og:locale\" content=\"en_US\" \/>\n<meta property=\"og:type\" content=\"article\" \/>\n<meta property=\"og:title\" content=\"[:en]About us[:de]\u00dcber uns[:] - KOMPLEX OFF-B\u00dcHNE F\u00dcR DARSTELLENDE K\u00dcNSTE\" \/>\n<meta property=\"og:url\" content=\"https:\/\/www.chemnitzkomplex.de\/ueber-uns\" \/>\n<meta property=\"og:site_name\" content=\"KOMPLEX OFF-B\u00dcHNE F\u00dcR DARSTELLENDE K\u00dcNSTE\" \/>\n<meta property=\"article:modified_time\" content=\"2024-12-02T16:29:20+00:00\" \/>\n<meta name=\"twitter:card\" content=\"summary_large_image\" \/>\n<script type=\"application\/ld+json\" class=\"yoast-schema-graph\">{\"@context\":\"https:\\\/\\\/schema.org\",\"@graph\":[{\"@type\":\"WebPage\",\"@id\":\"https:\\\/\\\/www.chemnitzkomplex.de\\\/ueber-uns\",\"url\":\"https:\\\/\\\/www.chemnitzkomplex.de\\\/ueber-uns\",\"name\":\"[:en]About us[:de]\u00dcber uns[:] - KOMPLEX OFF-B\u00dcHNE F\u00dcR DARSTELLENDE K\u00dcNSTE\",\"isPartOf\":{\"@id\":\"https:\\\/\\\/www.chemnitzkomplex.de\\\/#website\"},\"datePublished\":\"2023-05-16T13:40:03+00:00\",\"dateModified\":\"2024-12-02T16:29:20+00:00\",\"breadcrumb\":{\"@id\":\"https:\\\/\\\/www.chemnitzkomplex.de\\\/ueber-uns#breadcrumb\"},\"inLanguage\":\"en-US\",\"potentialAction\":[{\"@type\":\"ReadAction\",\"target\":[\"https:\\\/\\\/www.chemnitzkomplex.de\\\/ueber-uns\"]}]},{\"@type\":\"BreadcrumbList\",\"@id\":\"https:\\\/\\\/www.chemnitzkomplex.de\\\/ueber-uns#breadcrumb\",\"itemListElement\":[{\"@type\":\"ListItem\",\"position\":1,\"name\":\"Startseite\",\"item\":\"https:\\\/\\\/www.chemnitzkomplex.de\\\/\"},{\"@type\":\"ListItem\",\"position\":2,\"name\":\"\u00dcber uns\"}]},{\"@type\":\"WebSite\",\"@id\":\"https:\\\/\\\/www.chemnitzkomplex.de\\\/#website\",\"url\":\"https:\\\/\\\/www.chemnitzkomplex.de\\\/\",\"name\":\"KOMPLEX OFF-B\u00dcHNE F\u00dcR DARSTELLENDE K\u00dcNSTE\",\"description\":\"\",\"potentialAction\":[{\"@type\":\"SearchAction\",\"target\":{\"@type\":\"EntryPoint\",\"urlTemplate\":\"https:\\\/\\\/www.chemnitzkomplex.de\\\/?s={search_term_string}\"},\"query-input\":{\"@type\":\"PropertyValueSpecification\",\"valueRequired\":true,\"valueName\":\"search_term_string\"}}],\"inLanguage\":\"en-US\"}]}<\/script>\n<!-- \/ Yoast SEO plugin. -->","yoast_head_json":{"title":"[:en]About us[:de]\u00dcber uns[:] - KOMPLEX OFF-B\u00dcHNE F\u00dcR DARSTELLENDE K\u00dcNSTE","robots":{"index":"index","follow":"follow","max-snippet":"max-snippet:-1","max-image-preview":"max-image-preview:large","max-video-preview":"max-video-preview:-1"},"canonical":"https:\/\/www.chemnitzkomplex.de\/ueber-uns","og_locale":"en_US","og_type":"article","og_title":"[:en]About us[:de]\u00dcber uns[:] - KOMPLEX OFF-B\u00dcHNE F\u00dcR DARSTELLENDE K\u00dcNSTE","og_url":"https:\/\/www.chemnitzkomplex.de\/ueber-uns","og_site_name":"KOMPLEX OFF-B\u00dcHNE F\u00dcR DARSTELLENDE K\u00dcNSTE","article_modified_time":"2024-12-02T16:29:20+00:00","twitter_card":"summary_large_image","schema":{"@context":"https:\/\/schema.org","@graph":[{"@type":"WebPage","@id":"https:\/\/www.chemnitzkomplex.de\/ueber-uns","url":"https:\/\/www.chemnitzkomplex.de\/ueber-uns","name":"[:en]About us[:de]\u00dcber uns[:] - KOMPLEX OFF-B\u00dcHNE F\u00dcR DARSTELLENDE K\u00dcNSTE","isPartOf":{"@id":"https:\/\/www.chemnitzkomplex.de\/#website"},"datePublished":"2023-05-16T13:40:03+00:00","dateModified":"2024-12-02T16:29:20+00:00","breadcrumb":{"@id":"https:\/\/www.chemnitzkomplex.de\/ueber-uns#breadcrumb"},"inLanguage":"en-US","potentialAction":[{"@type":"ReadAction","target":["https:\/\/www.chemnitzkomplex.de\/ueber-uns"]}]},{"@type":"BreadcrumbList","@id":"https:\/\/www.chemnitzkomplex.de\/ueber-uns#breadcrumb","itemListElement":[{"@type":"ListItem","position":1,"name":"Startseite","item":"https:\/\/www.chemnitzkomplex.de\/"},{"@type":"ListItem","position":2,"name":"\u00dcber uns"}]},{"@type":"WebSite","@id":"https:\/\/www.chemnitzkomplex.de\/#website","url":"https:\/\/www.chemnitzkomplex.de\/","name":"KOMPLEX OFF-B\u00dcHNE F\u00dcR DARSTELLENDE K\u00dcNSTE","description":"","potentialAction":[{"@type":"SearchAction","target":{"@type":"EntryPoint","urlTemplate":"https:\/\/www.chemnitzkomplex.de\/?s={search_term_string}"},"query-input":{"@type":"PropertyValueSpecification","valueRequired":true,"valueName":"search_term_string"}}],"inLanguage":"en-US"}]}},"_links":{"self":[{"href":"https:\/\/www.chemnitzkomplex.de\/en\/wp-json\/wp\/v2\/pages\/43","targetHints":{"allow":["GET"]}}],"collection":[{"href":"https:\/\/www.chemnitzkomplex.de\/en\/wp-json\/wp\/v2\/pages"}],"about":[{"href":"https:\/\/www.chemnitzkomplex.de\/en\/wp-json\/wp\/v2\/types\/page"}],"author":[{"embeddable":true,"href":"https:\/\/www.chemnitzkomplex.de\/en\/wp-json\/wp\/v2\/users\/1"}],"replies":[{"embeddable":true,"href":"https:\/\/www.chemnitzkomplex.de\/en\/wp-json\/wp\/v2\/comments?post=43"}],"version-history":[{"count":11,"href":"https:\/\/www.chemnitzkomplex.de\/en\/wp-json\/wp\/v2\/pages\/43\/revisions"}],"predecessor-version":[{"id":626,"href":"https:\/\/www.chemnitzkomplex.de\/en\/wp-json\/wp\/v2\/pages\/43\/revisions\/626"}],"wp:attachment":[{"href":"https:\/\/www.chemnitzkomplex.de\/en\/wp-json\/wp\/v2\/media?parent=43"}],"curies":[{"name":"wp","href":"https:\/\/api.w.org\/{rel}","templated":true}]}}