{"id":103,"date":"2023-06-13T15:36:15","date_gmt":"2023-06-13T13:36:15","guid":{"rendered":"https:\/\/karl-marx-city.de\/komplex\/?page_id=103"},"modified":"2024-07-01T13:59:49","modified_gmt":"2024-07-01T11:59:49","slug":"unterstuetzen-sie-das-off-theater-komplex","status":"publish","type":"page","link":"https:\/\/www.chemnitzkomplex.de\/en\/unterstuetzen-sie-das-off-theater-komplex","title":{"rendered":"Support the OFF-Theater KOMPLEX"},"content":{"rendered":"<p class=\"qtranxs-available-languages-message qtranxs-available-languages-message-en\">Sorry, this entry is only available in <a href=\"https:\/\/www.chemnitzkomplex.de\/de\/wp-json\/wp\/v2\/pages\/103\" class=\"qtranxs-available-language-link qtranxs-available-language-link-de\" title=\"DE\">DE<\/a>.<\/p>","protected":false},"excerpt":{"rendered":"<p>Sorry, this entry is only available in DE.<\/p>\n","protected":false},"author":1,"featured_media":0,"parent":0,"menu_order":0,"comment_status":"closed","ping_status":"closed","template":"","meta":{"footnotes":""},"class_list":["post-103","page","type-page","status-publish","hentry"],"yoast_head":"<!-- This site is optimized with the Yoast SEO plugin v27.5 - https:\/\/yoast.com\/product\/yoast-seo-wordpress\/ -->\n<title>Support the OFF-Theater KOMPLEX - KOMPLEX OFF-B\u00dcHNE F\u00dcR DARSTELLENDE K\u00dcNSTE<\/title>\n<meta name=\"robots\" content=\"index, follow, max-snippet:-1, max-image-preview:large, max-video-preview:-1\" \/>\n<link rel=\"canonical\" href=\"https:\/\/www.chemnitzkomplex.de\/unterstuetzen-sie-das-off-theater-komplex\" \/>\n<meta property=\"og:locale\" content=\"en_US\" \/>\n<meta property=\"og:type\" content=\"article\" \/>\n<meta property=\"og:title\" content=\"[:de]Unterst\u00fctzen Sie das OFF-Theater KOMPLEX[:en]Support the OFF-Theater KOMPLEX[:] - KOMPLEX OFF-B\u00dcHNE F\u00dcR DARSTELLENDE K\u00dcNSTE\" \/>\n<meta property=\"og:description\" content=\"Sorry, this entry is only available in DE.\" \/>\n<meta property=\"og:url\" content=\"https:\/\/www.chemnitzkomplex.de\/unterstuetzen-sie-das-off-theater-komplex\" \/>\n<meta property=\"og:site_name\" content=\"KOMPLEX OFF-B\u00dcHNE F\u00dcR DARSTELLENDE K\u00dcNSTE\" \/>\n<meta property=\"article:modified_time\" content=\"2024-07-01T11:59:49+00:00\" \/>\n<meta name=\"twitter:card\" content=\"summary_large_image\" \/>\n<script type=\"application\/ld+json\" class=\"yoast-schema-graph\">{\"@context\":\"https:\\\/\\\/schema.org\",\"@graph\":[{\"@type\":\"WebPage\",\"@id\":\"https:\\\/\\\/www.chemnitzkomplex.de\\\/unterstuetzen-sie-das-off-theater-komplex\",\"url\":\"https:\\\/\\\/www.chemnitzkomplex.de\\\/unterstuetzen-sie-das-off-theater-komplex\",\"name\":\"[:de]Unterst\u00fctzen Sie das OFF-Theater KOMPLEX[:en]Support the OFF-Theater KOMPLEX[:] - KOMPLEX OFF-B\u00dcHNE F\u00dcR DARSTELLENDE K\u00dcNSTE\",\"isPartOf\":{\"@id\":\"https:\\\/\\\/www.chemnitzkomplex.de\\\/#website\"},\"datePublished\":\"2023-06-13T13:36:15+00:00\",\"dateModified\":\"2024-07-01T11:59:49+00:00\",\"breadcrumb\":{\"@id\":\"https:\\\/\\\/www.chemnitzkomplex.de\\\/unterstuetzen-sie-das-off-theater-komplex#breadcrumb\"},\"inLanguage\":\"en-US\",\"potentialAction\":[{\"@type\":\"ReadAction\",\"target\":[\"https:\\\/\\\/www.chemnitzkomplex.de\\\/unterstuetzen-sie-das-off-theater-komplex\"]}]},{\"@type\":\"BreadcrumbList\",\"@id\":\"https:\\\/\\\/www.chemnitzkomplex.de\\\/unterstuetzen-sie-das-off-theater-komplex#breadcrumb\",\"itemListElement\":[{\"@type\":\"ListItem\",\"position\":1,\"name\":\"Startseite\",\"item\":\"https:\\\/\\\/www.chemnitzkomplex.de\\\/\"},{\"@type\":\"ListItem\",\"position\":2,\"name\":\"Unterst\u00fctzen Sie das OFF-Theater KOMPLEX\"}]},{\"@type\":\"WebSite\",\"@id\":\"https:\\\/\\\/www.chemnitzkomplex.de\\\/#website\",\"url\":\"https:\\\/\\\/www.chemnitzkomplex.de\\\/\",\"name\":\"KOMPLEX OFF-B\u00dcHNE F\u00dcR DARSTELLENDE K\u00dcNSTE\",\"description\":\"\",\"potentialAction\":[{\"@type\":\"SearchAction\",\"target\":{\"@type\":\"EntryPoint\",\"urlTemplate\":\"https:\\\/\\\/www.chemnitzkomplex.de\\\/?s={search_term_string}\"},\"query-input\":{\"@type\":\"PropertyValueSpecification\",\"valueRequired\":true,\"valueName\":\"search_term_string\"}}],\"inLanguage\":\"en-US\"}]}<\/script>\n<!-- \/ Yoast SEO plugin. -->","yoast_head_json":{"title":"[:de]Unterst\u00fctzen Sie das OFF-Theater KOMPLEX[:en]Support the OFF-Theater KOMPLEX[:] - KOMPLEX OFF-B\u00dcHNE F\u00dcR DARSTELLENDE K\u00dcNSTE","robots":{"index":"index","follow":"follow","max-snippet":"max-snippet:-1","max-image-preview":"max-image-preview:large","max-video-preview":"max-video-preview:-1"},"canonical":"https:\/\/www.chemnitzkomplex.de\/unterstuetzen-sie-das-off-theater-komplex","og_locale":"en_US","og_type":"article","og_title":"[:de]Unterst\u00fctzen Sie das OFF-Theater KOMPLEX[:en]Support the OFF-Theater KOMPLEX[:] - KOMPLEX OFF-B\u00dcHNE F\u00dcR DARSTELLENDE K\u00dcNSTE","og_description":"Sorry, this entry is only available in DE.","og_url":"https:\/\/www.chemnitzkomplex.de\/unterstuetzen-sie-das-off-theater-komplex","og_site_name":"KOMPLEX OFF-B\u00dcHNE F\u00dcR DARSTELLENDE K\u00dcNSTE","article_modified_time":"2024-07-01T11:59:49+00:00","twitter_card":"summary_large_image","schema":{"@context":"https:\/\/schema.org","@graph":[{"@type":"WebPage","@id":"https:\/\/www.chemnitzkomplex.de\/unterstuetzen-sie-das-off-theater-komplex","url":"https:\/\/www.chemnitzkomplex.de\/unterstuetzen-sie-das-off-theater-komplex","name":"[:de]Unterst\u00fctzen Sie das OFF-Theater KOMPLEX[:en]Support the OFF-Theater KOMPLEX[:] - KOMPLEX OFF-B\u00dcHNE F\u00dcR DARSTELLENDE K\u00dcNSTE","isPartOf":{"@id":"https:\/\/www.chemnitzkomplex.de\/#website"},"datePublished":"2023-06-13T13:36:15+00:00","dateModified":"2024-07-01T11:59:49+00:00","breadcrumb":{"@id":"https:\/\/www.chemnitzkomplex.de\/unterstuetzen-sie-das-off-theater-komplex#breadcrumb"},"inLanguage":"en-US","potentialAction":[{"@type":"ReadAction","target":["https:\/\/www.chemnitzkomplex.de\/unterstuetzen-sie-das-off-theater-komplex"]}]},{"@type":"BreadcrumbList","@id":"https:\/\/www.chemnitzkomplex.de\/unterstuetzen-sie-das-off-theater-komplex#breadcrumb","itemListElement":[{"@type":"ListItem","position":1,"name":"Startseite","item":"https:\/\/www.chemnitzkomplex.de\/"},{"@type":"ListItem","position":2,"name":"Unterst\u00fctzen Sie das OFF-Theater KOMPLEX"}]},{"@type":"WebSite","@id":"https:\/\/www.chemnitzkomplex.de\/#website","url":"https:\/\/www.chemnitzkomplex.de\/","name":"KOMPLEX OFF-B\u00dcHNE F\u00dcR DARSTELLENDE K\u00dcNSTE","description":"","potentialAction":[{"@type":"SearchAction","target":{"@type":"EntryPoint","urlTemplate":"https:\/\/www.chemnitzkomplex.de\/?s={search_term_string}"},"query-input":{"@type":"PropertyValueSpecification","valueRequired":true,"valueName":"search_term_string"}}],"inLanguage":"en-US"}]}},"_links":{"self":[{"href":"https:\/\/www.chemnitzkomplex.de\/en\/wp-json\/wp\/v2\/pages\/103","targetHints":{"allow":["GET"]}}],"collection":[{"href":"https:\/\/www.chemnitzkomplex.de\/en\/wp-json\/wp\/v2\/pages"}],"about":[{"href":"https:\/\/www.chemnitzkomplex.de\/en\/wp-json\/wp\/v2\/types\/page"}],"author":[{"embeddable":true,"href":"https:\/\/www.chemnitzkomplex.de\/en\/wp-json\/wp\/v2\/users\/1"}],"replies":[{"embeddable":true,"href":"https:\/\/www.chemnitzkomplex.de\/en\/wp-json\/wp\/v2\/comments?post=103"}],"version-history":[{"count":4,"href":"https:\/\/www.chemnitzkomplex.de\/en\/wp-json\/wp\/v2\/pages\/103\/revisions"}],"predecessor-version":[{"id":300,"href":"https:\/\/www.chemnitzkomplex.de\/en\/wp-json\/wp\/v2\/pages\/103\/revisions\/300"}],"wp:attachment":[{"href":"https:\/\/www.chemnitzkomplex.de\/en\/wp-json\/wp\/v2\/media?parent=103"}],"curies":[{"name":"wp","href":"https:\/\/api.w.org\/{rel}","templated":true}]}}